{"id":786,"date":"2021-01-22T18:03:03","date_gmt":"2021-01-22T18:03:03","guid":{"rendered":"https:\/\/cristarq.com\/website\/?page_id=786"},"modified":"2021-01-22T18:03:03","modified_gmt":"2021-01-22T18:03:03","slug":"polarizados-filtrasoles-viniles-papeltapiz-peliculas-termicas-puertas-ventanas-monterrey","status":"publish","type":"page","link":"https:\/\/cristarq.com\/site\/polarizados-filtrasoles-viniles-papeltapiz-peliculas-termicas-puertas-ventanas-monterrey\/","title":{"rendered":"Pel\u00edculas de Control Solar"},"content":{"rendered":"<p><div class=\"fusion-fullwidth fullwidth-box fusion-builder-row-1 fusion-flex-container nonhundred-percent-fullwidth non-hundred-percent-height-scrolling\" style=\"--awb-border-radius-top-left:0px;--awb-border-radius-top-right:0px;--awb-border-radius-bottom-right:0px;--awb-border-radius-bottom-left:0px;\" ><div class=\"fusion-builder-row fusion-row fusion-flex-align-items-flex-start\" style=\"max-width:1248px;margin-left: calc(-4% \/ 2 );margin-right: calc(-4% \/ 2 );\"><div class=\"fusion-layout-column fusion_builder_column fusion-builder-column-0 fusion_builder_column_1_5 1_5 fusion-flex-column\" style=\"--awb-bg-size:cover;--awb-width-large:20%;--awb-margin-top-large:0px;--awb-spacing-right-large:9.6%;--awb-margin-bottom-large:20px;--awb-spacing-left-large:9.6%;--awb-width-medium:20%;--awb-order-medium:0;--awb-spacing-right-medium:9.6%;--awb-spacing-left-medium:9.6%;--awb-width-small:100%;--awb-order-small:0;--awb-spacing-right-small:1.92%;--awb-spacing-left-small:1.92%;\"><div class=\"fusion-column-wrapper fusion-column-has-shadow fusion-flex-justify-content-flex-start fusion-content-layout-column\"><div class=\"fusion-image-element \" style=\"text-align:center;--awb-caption-title-size:var(--h2_typography-font-size);--awb-caption-title-transform:var(--h2_typography-text-transform);--awb-caption-title-line-height:var(--h2_typography-line-height);--awb-caption-title-letter-spacing:var(--h2_typography-letter-spacing);\"><span class=\" fusion-imageframe imageframe-none imageframe-1 hover-type-none\" style=\"border:2px solid #e20909;\"><img decoding=\"async\" width=\"250\" height=\"300\" alt=\"pelicula solar\" title=\"pelicula solar\" src=\"https:\/\/cristarq.com\/site\/wp-content\/uploads\/2021\/01\/pelicula-solar.gif\" data-orig-src=\"https:\/\/cristarq.com\/site\/wp-content\/uploads\/2021\/01\/pelicula-solar.gif\" class=\"lazyload img-responsive wp-image-787\" srcset=\"data:image\/svg+xml,%3Csvg%20xmlns%3D%27http%3A%2F%2Fwww.w3.org%2F2000%2Fsvg%27%20width%3D%27250%27%20height%3D%27300%27%20viewBox%3D%270%200%20250%20300%27%3E%3Crect%20width%3D%27250%27%20height%3D%27300%27%20fill-opacity%3D%220%22%2F%3E%3C%2Fsvg%3E\" data-srcset=\"https:\/\/cristarq.com\/site\/wp-content\/uploads\/2021\/01\/pelicula-solar-200x240.gif 200w, https:\/\/cristarq.com\/site\/wp-content\/uploads\/2021\/01\/pelicula-solar.gif 250w\" data-sizes=\"auto\" data-orig-sizes=\"(max-width: 640px) 100vw, 200px\" \/><\/span><\/div><\/div><\/div><div class=\"fusion-layout-column fusion_builder_column fusion-builder-column-1 fusion_builder_column_4_5 4_5 fusion-flex-column\" style=\"--awb-bg-size:cover;--awb-width-large:80%;--awb-margin-top-large:0px;--awb-spacing-right-large:2.4%;--awb-margin-bottom-large:20px;--awb-spacing-left-large:2.4%;--awb-width-medium:80%;--awb-order-medium:0;--awb-spacing-right-medium:2.4%;--awb-spacing-left-medium:2.4%;--awb-width-small:100%;--awb-order-small:0;--awb-spacing-right-small:1.92%;--awb-spacing-left-small:1.92%;\"><div class=\"fusion-column-wrapper fusion-column-has-shadow fusion-flex-justify-content-flex-start fusion-content-layout-column\"><div class=\"fusion-text fusion-text-1\"><p><b>Pel\u00edculas<\/b><strong>\u00a0de Control Solar<\/strong><\/p>\n<p>En Cristarq contamos con pel\u00edculas inteligentes t\u00e9rmicas con la mejor tecnolog\u00eda y al mejor precio del mercado, estas pel\u00edculas son de gran confiabilidad y cuentan con el mayor rendimiento en cuanto al rechazo de calor y bloqueador de rayos solares.<\/p>\n<p>Permite una mejor visibilidad ya que rechaza la entrada de rayos ultra violeta y puede instalarse en cualquier tipo de proyectos residenciales, comerciales o industriales.<\/p>\n<p>Adem\u00e1s en temporadas invernales mantienen el calor del interior del inmueble al rechazar el frio del exterior.<\/p>\n<\/div><\/div><\/div><div class=\"fusion-layout-column fusion_builder_column fusion-builder-column-2 fusion_builder_column_1_1 1_1 fusion-flex-column fusion-flex-align-self-center\" style=\"--awb-bg-size:cover;--awb-width-large:100%;--awb-margin-top-large:0px;--awb-spacing-right-large:1.92%;--awb-margin-bottom-large:20px;--awb-spacing-left-large:1.92%;--awb-width-medium:100%;--awb-order-medium:0;--awb-spacing-right-medium:1.92%;--awb-spacing-left-medium:1.92%;--awb-width-small:100%;--awb-order-small:0;--awb-spacing-right-small:1.92%;--awb-spacing-left-small:1.92%;\"><div class=\"fusion-column-wrapper fusion-column-has-shadow fusion-flex-justify-content-flex-start fusion-content-layout-column\"><div class=\"fusion-image-element \" style=\"text-align:center;--awb-caption-title-size:var(--h2_typography-font-size);--awb-caption-title-transform:var(--h2_typography-text-transform);--awb-caption-title-line-height:var(--h2_typography-line-height);--awb-caption-title-letter-spacing:var(--h2_typography-letter-spacing);\"><span class=\" fusion-imageframe imageframe-none imageframe-2 hover-type-none\"><img decoding=\"async\" width=\"418\" height=\"300\" alt=\"confort polarizado\" title=\"confort polarizado\" src=\"https:\/\/cristarq.com\/site\/wp-content\/uploads\/2021\/01\/confort-polarizado.gif\" data-orig-src=\"https:\/\/cristarq.com\/site\/wp-content\/uploads\/2021\/01\/confort-polarizado.gif\" class=\"lazyload img-responsive wp-image-789\" srcset=\"data:image\/svg+xml,%3Csvg%20xmlns%3D%27http%3A%2F%2Fwww.w3.org%2F2000%2Fsvg%27%20width%3D%27418%27%20height%3D%27300%27%20viewBox%3D%270%200%20418%20300%27%3E%3Crect%20width%3D%27418%27%20height%3D%27300%27%20fill-opacity%3D%220%22%2F%3E%3C%2Fsvg%3E\" data-srcset=\"https:\/\/cristarq.com\/site\/wp-content\/uploads\/2021\/01\/confort-polarizado-200x144.gif 200w, https:\/\/cristarq.com\/site\/wp-content\/uploads\/2021\/01\/confort-polarizado-400x287.gif 400w, https:\/\/cristarq.com\/site\/wp-content\/uploads\/2021\/01\/confort-polarizado.gif 418w\" data-sizes=\"auto\" data-orig-sizes=\"(max-width: 640px) 100vw, 418px\" \/><\/span><\/div><div class=\"fusion-separator fusion-full-width-sep\" style=\"align-self: center;margin-left: auto;margin-right: auto;width:100%;\"><div class=\"fusion-separator-border sep-double sep-solid\" style=\"--awb-height:20px;--awb-amount:20px;--awb-sep-color:#ffffff;border-color:#ffffff;border-top-width:1px;border-bottom-width:1px;\"><\/div><\/div><div class=\"fusion-separator fusion-full-width-sep\" style=\"align-self: center;margin-left: auto;margin-right: auto;width:100%;\"><div class=\"fusion-separator-border sep-double sep-solid\" style=\"--awb-height:20px;--awb-amount:20px;--awb-sep-color:#ffffff;border-color:#ffffff;border-top-width:1px;border-bottom-width:1px;\"><\/div><\/div><div class=\"fusion-separator fusion-full-width-sep\" style=\"align-self: center;margin-left: auto;margin-right: auto;width:100%;\"><div class=\"fusion-separator-border sep-double sep-solid\" style=\"--awb-height:20px;--awb-amount:20px;--awb-sep-color:#ffffff;border-color:#ffffff;border-top-width:1px;border-bottom-width:1px;\"><\/div><\/div><\/div><\/div><div class=\"fusion-layout-column fusion_builder_column fusion-builder-column-3 fusion_builder_column_1_2 1_2 fusion-flex-column fusion-flex-align-self-center\" style=\"--awb-bg-size:cover;--awb-width-large:50%;--awb-margin-top-large:0px;--awb-spacing-right-large:3.84%;--awb-margin-bottom-large:20px;--awb-spacing-left-large:3.84%;--awb-width-medium:50%;--awb-order-medium:0;--awb-spacing-right-medium:3.84%;--awb-spacing-left-medium:3.84%;--awb-width-small:100%;--awb-order-small:0;--awb-spacing-right-small:1.92%;--awb-spacing-left-small:1.92%;\"><div class=\"fusion-column-wrapper fusion-column-has-shadow fusion-flex-justify-content-flex-start fusion-content-layout-column\"><div class=\"fusion-text fusion-text-2\" style=\"--awb-content-alignment:center;\"><p><strong>Pel\u00edcula T\u00e9rmica Inteligente No. 70<\/strong><\/p>\n<\/div><div class=\"fusion-image-element \" style=\"text-align:center;--awb-caption-title-size:var(--h2_typography-font-size);--awb-caption-title-transform:var(--h2_typography-text-transform);--awb-caption-title-line-height:var(--h2_typography-line-height);--awb-caption-title-letter-spacing:var(--h2_typography-letter-spacing);\"><span class=\" fusion-imageframe imageframe-none imageframe-3 hover-type-none\"><img decoding=\"async\" width=\"250\" height=\"300\" alt=\"protecci\u00f3n ultravioleta\" title=\"protecci\u00f3n ultravioleta\" src=\"https:\/\/cristarq.com\/site\/wp-content\/uploads\/2021\/01\/proteccion-ultravioleta.gif\" data-orig-src=\"https:\/\/cristarq.com\/site\/wp-content\/uploads\/2021\/01\/proteccion-ultravioleta.gif\" class=\"lazyload img-responsive wp-image-793\" srcset=\"data:image\/svg+xml,%3Csvg%20xmlns%3D%27http%3A%2F%2Fwww.w3.org%2F2000%2Fsvg%27%20width%3D%27250%27%20height%3D%27300%27%20viewBox%3D%270%200%20250%20300%27%3E%3Crect%20width%3D%27250%27%20height%3D%27300%27%20fill-opacity%3D%220%22%2F%3E%3C%2Fsvg%3E\" data-srcset=\"https:\/\/cristarq.com\/site\/wp-content\/uploads\/2021\/01\/proteccion-ultravioleta-200x240.gif 200w, https:\/\/cristarq.com\/site\/wp-content\/uploads\/2021\/01\/proteccion-ultravioleta.gif 250w\" data-sizes=\"auto\" data-orig-sizes=\"(max-width: 640px) 100vw, 250px\" \/><\/span><\/div><div class=\"fusion-text fusion-text-3\"><p class=\"texto\">\u200e \u200f\u200f\u200e<\/p>\n<p class=\"texto\">La pel\u00edcula de polarizado t\u00e9rmico No. 70 es una pel\u00edcula clara que rechaza mas del 50% del calor y en un 99% los rayos ultra violeta, protegi\u00e9ndolo a usted y a sus muebles del desgaste y decoloraci\u00f3n.<\/p>\n<p class=\"texto\">Deja pasar mas del 70% de luz visible, teniendo una claridad interior hacia el exterior de d\u00eda y de noche.<\/p>\n<p class=\"texto\">\u00a0Con seguridad inastillable de 4 mil\u00e9simas.<\/p>\n<\/div><\/div><\/div><div class=\"fusion-layout-column fusion_builder_column fusion-builder-column-4 fusion_builder_column_1_2 1_2 fusion-flex-column fusion-flex-align-self-center\" style=\"--awb-bg-size:cover;--awb-width-large:50%;--awb-margin-top-large:0px;--awb-spacing-right-large:3.84%;--awb-margin-bottom-large:20px;--awb-spacing-left-large:3.84%;--awb-width-medium:50%;--awb-order-medium:0;--awb-spacing-right-medium:3.84%;--awb-spacing-left-medium:3.84%;--awb-width-small:100%;--awb-order-small:0;--awb-spacing-right-small:1.92%;--awb-spacing-left-small:1.92%;\"><div class=\"fusion-column-wrapper fusion-column-has-shadow fusion-flex-justify-content-flex-start fusion-content-layout-column\"><div class=\"fusion-text fusion-text-4\" style=\"--awb-content-alignment:center;\"><p><strong>Pel\u00edcula T\u00e9rmica Inteligente No. 60<\/strong><\/p>\n<\/div><div class=\"fusion-image-element \" style=\"text-align:center;--awb-caption-title-size:var(--h2_typography-font-size);--awb-caption-title-transform:var(--h2_typography-text-transform);--awb-caption-title-line-height:var(--h2_typography-line-height);--awb-caption-title-letter-spacing:var(--h2_typography-letter-spacing);\"><span class=\" fusion-imageframe imageframe-none imageframe-4 hover-type-none\"><img decoding=\"async\" width=\"250\" height=\"300\" title=\"pelicula termica\" src=\"https:\/\/cristarq.com\/site\/wp-content\/uploads\/2021\/01\/pelicula-termica.gif\" data-orig-src=\"https:\/\/cristarq.com\/site\/wp-content\/uploads\/2021\/01\/pelicula-termica.gif\" alt class=\"lazyload img-responsive wp-image-794\" srcset=\"data:image\/svg+xml,%3Csvg%20xmlns%3D%27http%3A%2F%2Fwww.w3.org%2F2000%2Fsvg%27%20width%3D%27250%27%20height%3D%27300%27%20viewBox%3D%270%200%20250%20300%27%3E%3Crect%20width%3D%27250%27%20height%3D%27300%27%20fill-opacity%3D%220%22%2F%3E%3C%2Fsvg%3E\" data-srcset=\"https:\/\/cristarq.com\/site\/wp-content\/uploads\/2021\/01\/pelicula-termica-200x240.gif 200w, https:\/\/cristarq.com\/site\/wp-content\/uploads\/2021\/01\/pelicula-termica.gif 250w\" data-sizes=\"auto\" data-orig-sizes=\"(max-width: 640px) 100vw, 250px\" \/><\/span><\/div><div class=\"fusion-text fusion-text-5\"><p class=\"texto\">\u200e \u200f\u200f\u200e\u200e \u200f\u200f\u200e\u200e \u200f\u200f\u200e\u200e \u200f\u200f\u200e\u200e \u200f\u200f\u200e\u200e \u200f\u200f\u200e\u200e \u200f\u200f\u200e<\/p>\n<p class=\"texto\">Esta pel\u00edcula es la mas confiable en seguridad y con mejor rendimiento en cuanto al rechazo de calor y bloqueador de rayos solares con un tono suave que no obscurece el \u00e1rea.<\/p>\n<p class=\"texto\">\u00a0Ideal para la prevenci\u00f3n de accidentes o desprendimientos de astillas de vidrio al interior y retardando el estrellamiento del cristal por mas tiempo.<\/p>\n<p class=\"texto\">\u00a0Con seguridad inastillable de 8 mil\u00e9simas.<\/p>\n<\/div><\/div><\/div><div class=\"fusion-layout-column fusion_builder_column fusion-builder-column-5 fusion_builder_column_1_1 1_1 fusion-flex-column\" style=\"--awb-bg-size:cover;--awb-width-large:100%;--awb-margin-top-large:0px;--awb-spacing-right-large:1.92%;--awb-margin-bottom-large:20px;--awb-spacing-left-large:1.92%;--awb-width-medium:100%;--awb-order-medium:0;--awb-spacing-right-medium:1.92%;--awb-spacing-left-medium:1.92%;--awb-width-small:100%;--awb-order-small:0;--awb-spacing-right-small:1.92%;--awb-spacing-left-small:1.92%;\"><div class=\"fusion-column-wrapper fusion-column-has-shadow fusion-flex-justify-content-flex-start fusion-content-layout-column\"><div style=\"text-align:center;\"><a class=\"fusion-button button-flat fusion-button-default-size button-custom fusion-button-default button-1 fusion-button-default-span fusion-button-default-type fusion-has-button-gradient\" style=\"--button_accent_color:#ffffff;--button_accent_hover_color:#b7b7b7;--button_border_hover_color:#780404;--button_gradient_top_color:#e80707;--button_gradient_bottom_color:#d60707;--button_gradient_top_color_hover:#d60707;--button_gradient_bottom_color_hover:#e80707;--button_text_transform:uppercase;\" target=\"_self\" href=\"https:\/\/cristarq.com\/site\/contacto\/\"><span class=\"fusion-button-text\">\u00bfRequiere informaci\u00f3n o una cotizaci\u00f3n? Cont\u00e1ctenos dando clic aqu\u00ed<\/span><\/a><\/div><div class=\"fusion-sharing-box fusion-sharing-box-1 has-taglines layout-floated layout-medium-floated layout-small-stacked\" style=\"background-color:rgba(249,249,251,0.63);border-color:#cccccc;--awb-icon-size:30px;--awb-separator-border-color:#cccccc;--awb-separator-border-sizes:0px;--awb-layout:row;--awb-alignment-small:space-between;--awb-stacked-align-small:center;\" data-title=\"\u00a1COMPARTE ESTA P\u00c1GINA A TUS AMIGOS!\" data-description=\"Pel\u00edculas\u00a0de Control Solar\r\n\r\nEn Cristarq contamos con pel\u00edculas inteligentes t\u00e9rmicas con la mejor tecnolog\u00eda y al mejor precio del mercado, estas pel\u00edculas son de gran confiabilidad y cuentan con el mayor rendimiento en cuanto al rechazo de calor y bloqueador de rayos solares.\r\n\r\nPermite una mejor visibilidad ya que rechaza la entrada de rayos ultra violeta\" data-link=\"#\"><h4 class=\"tagline\" style=\"color:#212934;\">\u00a1COMPARTE ESTA P\u00c1GINA A TUS AMIGOS!<\/h4><div class=\"fusion-social-networks sharingbox-shortcode-icon-wrapper sharingbox-shortcode-icon-wrapper-1\"><span><a href=\"https:\/\/www.facebook.com\/sharer.php?u=%23&amp;t=%C2%A1COMPARTE%20ESTA%20P%C3%81GINA%20A%20TUS%20AMIGOS%21\" target=\"_blank\" rel=\"noreferrer\" title=\"Facebook\" aria-label=\"Facebook\" data-placement=\"top\" data-toggle=\"tooltip\" data-title=\"Facebook\"><i class=\"fusion-social-network-icon fusion-tooltip fusion-facebook awb-icon-facebook\" style=\"color:#757575;\" aria-hidden=\"true\"><\/i><\/a><\/span><span><a href=\"https:\/\/api.whatsapp.com\/send?text=%23\" target=\"_blank\" rel=\"noopener noreferrer\" title=\"WhatsApp\" aria-label=\"WhatsApp\" data-placement=\"top\" data-toggle=\"tooltip\" data-title=\"WhatsApp\"><i class=\"fusion-social-network-icon fusion-tooltip fusion-whatsapp awb-icon-whatsapp\" style=\"color:#757575;\" aria-hidden=\"true\"><\/i><\/a><\/span><span><a href=\"mailto:?subject=%C2%A1COMPARTE%20ESTA%20P%C3%81GINA%20A%20TUS%20AMIGOS%21&amp;body=%23\" target=\"_self\" title=\"Email\" aria-label=\"Email\" data-placement=\"top\" data-toggle=\"tooltip\" data-title=\"Email\"><i class=\"fusion-social-network-icon fusion-tooltip fusion-mail awb-icon-mail\" style=\"color:#757575;\" aria-hidden=\"true\"><\/i><\/a><\/span><\/div><\/div><\/div><\/div><\/div><\/div><div class=\"fusion-fullwidth fullwidth-box fusion-builder-row-2 fusion-flex-container nonhundred-percent-fullwidth non-hundred-percent-height-scrolling\" style=\"--awb-border-radius-top-left:0px;--awb-border-radius-top-right:0px;--awb-border-radius-bottom-right:0px;--awb-border-radius-bottom-left:0px;\" ><div class=\"fusion-builder-row fusion-row fusion-flex-align-items-flex-start\" style=\"max-width:1248px;margin-left: calc(-4% \/ 2 );margin-right: calc(-4% \/ 2 );\"><\/div><\/div><\/p>\n","protected":false},"excerpt":{"rendered":"","protected":false},"author":2,"featured_media":0,"parent":0,"menu_order":0,"comment_status":"closed","ping_status":"closed","template":"","meta":{"_joinchat":[],"footnotes":""},"class_list":["post-786","page","type-page","status-publish","hentry"],"aioseo_notices":[],"_links":{"self":[{"href":"https:\/\/cristarq.com\/site\/wp-json\/wp\/v2\/pages\/786","targetHints":{"allow":["GET"]}}],"collection":[{"href":"https:\/\/cristarq.com\/site\/wp-json\/wp\/v2\/pages"}],"about":[{"href":"https:\/\/cristarq.com\/site\/wp-json\/wp\/v2\/types\/page"}],"author":[{"embeddable":true,"href":"https:\/\/cristarq.com\/site\/wp-json\/wp\/v2\/users\/2"}],"replies":[{"embeddable":true,"href":"https:\/\/cristarq.com\/site\/wp-json\/wp\/v2\/comments?post=786"}],"version-history":[{"count":12,"href":"https:\/\/cristarq.com\/site\/wp-json\/wp\/v2\/pages\/786\/revisions"}],"predecessor-version":[{"id":802,"href":"https:\/\/cristarq.com\/site\/wp-json\/wp\/v2\/pages\/786\/revisions\/802"}],"wp:attachment":[{"href":"https:\/\/cristarq.com\/site\/wp-json\/wp\/v2\/media?parent=786"}],"curies":[{"name":"wp","href":"https:\/\/api.w.org\/{rel}","templated":true}]}}