{"id":775,"date":"2021-01-22T17:38:57","date_gmt":"2021-01-22T17:38:57","guid":{"rendered":"https:\/\/cristarq.com\/website\/?page_id=775"},"modified":"2021-01-22T17:38:57","modified_gmt":"2021-01-22T17:38:57","slug":"peliculas-de-seguridad-films-polarizados-viniles-papeltapiz-puertas-ventanas-monterrey","status":"publish","type":"page","link":"https:\/\/cristarq.com\/site\/peliculas-de-seguridad-films-polarizados-viniles-papeltapiz-puertas-ventanas-monterrey\/","title":{"rendered":"Pel\u00edculas de Seguridad para Vidrios de Puertas y Ventanas"},"content":{"rendered":"<p><div class=\"fusion-fullwidth fullwidth-box fusion-builder-row-1 fusion-flex-container nonhundred-percent-fullwidth non-hundred-percent-height-scrolling\" style=\"--awb-border-radius-top-left:0px;--awb-border-radius-top-right:0px;--awb-border-radius-bottom-right:0px;--awb-border-radius-bottom-left:0px;\" ><div class=\"fusion-builder-row fusion-row fusion-flex-align-items-flex-start\" style=\"max-width:1248px;margin-left: calc(-4% \/ 2 );margin-right: calc(-4% \/ 2 );\"><div class=\"fusion-layout-column fusion_builder_column fusion-builder-column-0 fusion_builder_column_1_5 1_5 fusion-flex-column\" style=\"--awb-bg-size:cover;--awb-width-large:20%;--awb-margin-top-large:0px;--awb-spacing-right-large:9.6%;--awb-margin-bottom-large:20px;--awb-spacing-left-large:9.6%;--awb-width-medium:20%;--awb-order-medium:0;--awb-spacing-right-medium:9.6%;--awb-spacing-left-medium:9.6%;--awb-width-small:100%;--awb-order-small:0;--awb-spacing-right-small:1.92%;--awb-spacing-left-small:1.92%;\"><div class=\"fusion-column-wrapper fusion-column-has-shadow fusion-flex-justify-content-flex-start fusion-content-layout-column\"><div class=\"fusion-image-element \" style=\"text-align:center;--awb-caption-title-size:var(--h2_typography-font-size);--awb-caption-title-transform:var(--h2_typography-text-transform);--awb-caption-title-line-height:var(--h2_typography-line-height);--awb-caption-title-letter-spacing:var(--h2_typography-letter-spacing);\"><span class=\" fusion-imageframe imageframe-none imageframe-1 hover-type-none\" style=\"border:2px solid #e20909;\"><img decoding=\"async\" width=\"250\" height=\"300\" alt=\"Peliculas de Seguridad\" title=\"Peliculas de Seguridad\" src=\"https:\/\/cristarq.com\/site\/wp-content\/uploads\/2021\/01\/Peliculas-de-Seguridad.gif\" data-orig-src=\"https:\/\/cristarq.com\/site\/wp-content\/uploads\/2021\/01\/Peliculas-de-Seguridad.gif\" class=\"lazyload img-responsive wp-image-776\" srcset=\"data:image\/svg+xml,%3Csvg%20xmlns%3D%27http%3A%2F%2Fwww.w3.org%2F2000%2Fsvg%27%20width%3D%27250%27%20height%3D%27300%27%20viewBox%3D%270%200%20250%20300%27%3E%3Crect%20width%3D%27250%27%20height%3D%27300%27%20fill-opacity%3D%220%22%2F%3E%3C%2Fsvg%3E\" data-srcset=\"https:\/\/cristarq.com\/site\/wp-content\/uploads\/2021\/01\/Peliculas-de-Seguridad-200x240.gif 200w, https:\/\/cristarq.com\/site\/wp-content\/uploads\/2021\/01\/Peliculas-de-Seguridad.gif 250w\" data-sizes=\"auto\" data-orig-sizes=\"(max-width: 640px) 100vw, 200px\" \/><\/span><\/div><\/div><\/div><div class=\"fusion-layout-column fusion_builder_column fusion-builder-column-1 fusion_builder_column_4_5 4_5 fusion-flex-column\" style=\"--awb-bg-size:cover;--awb-width-large:80%;--awb-margin-top-large:0px;--awb-spacing-right-large:2.4%;--awb-margin-bottom-large:20px;--awb-spacing-left-large:2.4%;--awb-width-medium:80%;--awb-order-medium:0;--awb-spacing-right-medium:2.4%;--awb-spacing-left-medium:2.4%;--awb-width-small:100%;--awb-order-small:0;--awb-spacing-right-small:1.92%;--awb-spacing-left-small:1.92%;\"><div class=\"fusion-column-wrapper fusion-column-has-shadow fusion-flex-justify-content-flex-start fusion-content-layout-column\"><div class=\"fusion-text fusion-text-1\"><p>Pel\u00edculas de Seguridad Decorativas para Vidrios de Puertas y Ventanas.<\/p>\n<p>Las pel\u00edculas de seguridad para cristales son una alternativa necesaria contra robos y asaltos; \u00e9stas, adem\u00e1s de servir como protecci\u00f3n en caso de accidentes, disminuyen el riesgo de otras lesiones (cortes de diversa profundidad) al incrementar considerablemente la resistencia del vidrio al fragmentarse, ya que sujetan las esquirlas que pueden salir disparadas en caso de que \u00e9ste llegue a romperse.<\/p>\n<p>Contamos con los siguientes tipos de pel\u00edculas de seguridad, tanto transparentes como color humo, seleccione cualquiera de los siguientes para saber mas de los mismos.<\/p>\n<\/div><\/div><\/div><div class=\"fusion-layout-column fusion_builder_column fusion-builder-column-2 fusion_builder_column_1_6 1_6 fusion-flex-column\" style=\"--awb-bg-size:cover;--awb-width-large:16.666666666667%;--awb-margin-top-large:0px;--awb-spacing-right-large:11.52%;--awb-margin-bottom-large:20px;--awb-spacing-left-large:11.52%;--awb-width-medium:16.666666666667%;--awb-order-medium:0;--awb-spacing-right-medium:11.52%;--awb-spacing-left-medium:11.52%;--awb-width-small:100%;--awb-order-small:0;--awb-spacing-right-small:1.92%;--awb-spacing-left-small:1.92%;\"><div class=\"fusion-column-wrapper fusion-column-has-shadow fusion-flex-justify-content-flex-start fusion-content-layout-column\"><div class=\"fusion-flip-boxes flip-boxes row fusion-columns-1 flip-effect-classic\"><div class=\"fusion-flip-box-wrapper fusion-column col-lg-12 col-md-12 col-sm-12\"><div class=\"fusion-flip-box flip-right\" tabindex=\"0\"><div class=\"flip-box-inner-wrapper\"><div class=\"flip-box-front\" style=\"--awb-background-color-front:#f9f9f9;--awb-text-front-color:#3f3f3f;\"><div class=\"flip-box-front-inner\"><div class=\"flip-box-grafix flip-box-image\"><img decoding=\"async\" class=\"lazyload\" src=\"data:image\/svg+xml,%3Csvg%20xmlns%3D%27http%3A%2F%2Fwww.w3.org%2F2000%2Fsvg%27%20width%3D%27456%27%20height%3D%27459%27%20viewBox%3D%270%200%20456%20459%27%3E%3Crect%20width%3D%27456%27%20height%3D%27459%27%20fill-opacity%3D%220%22%2F%3E%3C%2Fsvg%3E\" data-orig-src=\"https:\/\/cristarq.com\/site\/wp-content\/uploads\/2021\/01\/C90-SCR-4MM.png\" width=\"456\" height=\"459\" alt=\"C90 SCR 4MM\" \/><\/div>C90 SCR 4MM<\/div><\/div><div class=\"flip-box-back\" style=\"--awb-text-back-color:#ffffff;\"><div class=\"flip-box-back-inner\">\n<p>Pel\u00edculas seguridad C90 SCR 4MM<\/p>\n<\/div><\/div><\/div><\/div><\/div><\/div><\/div><\/div><div class=\"fusion-layout-column fusion_builder_column fusion-builder-column-3 fusion_builder_column_1_6 1_6 fusion-flex-column\" style=\"--awb-bg-size:cover;--awb-width-large:16.666666666667%;--awb-margin-top-large:0px;--awb-spacing-right-large:11.52%;--awb-margin-bottom-large:20px;--awb-spacing-left-large:11.52%;--awb-width-medium:16.666666666667%;--awb-order-medium:0;--awb-spacing-right-medium:11.52%;--awb-spacing-left-medium:11.52%;--awb-width-small:100%;--awb-order-small:0;--awb-spacing-right-small:1.92%;--awb-spacing-left-small:1.92%;\"><div class=\"fusion-column-wrapper fusion-column-has-shadow fusion-flex-justify-content-flex-start fusion-content-layout-column\"><div class=\"fusion-flip-boxes flip-boxes row fusion-columns-1 flip-effect-classic\"><div class=\"fusion-flip-box-wrapper fusion-column col-lg-12 col-md-12 col-sm-12\"><div class=\"fusion-flip-box flip-right\" tabindex=\"0\"><div class=\"flip-box-inner-wrapper\"><div class=\"flip-box-front\" style=\"--awb-background-color-front:#f2f2f2;--awb-text-front-color:#3f3f3f;\"><div class=\"flip-box-front-inner\"><div class=\"flip-box-grafix flip-box-image\"><img decoding=\"async\" class=\"lazyload\" src=\"data:image\/svg+xml,%3Csvg%20xmlns%3D%27http%3A%2F%2Fwww.w3.org%2F2000%2Fsvg%27%20width%3D%27456%27%20height%3D%27457%27%20viewBox%3D%270%200%20456%20457%27%3E%3Crect%20width%3D%27456%27%20height%3D%27457%27%20fill-opacity%3D%220%22%2F%3E%3C%2Fsvg%3E\" data-orig-src=\"https:\/\/cristarq.com\/site\/wp-content\/uploads\/2021\/01\/C90-SCR-7MM.png\" width=\"456\" height=\"457\" alt=\"C90 SCR 7MM\" \/><\/div>C90 SCR 7MM<\/div><\/div><div class=\"flip-box-back\" style=\"--awb-text-back-color:#ffffff;\"><div class=\"flip-box-back-inner\">\n<p>Pel\u00edculas seguridad C90 SCR 7MM<\/p>\n<\/div><\/div><\/div><\/div><\/div><\/div><\/div><\/div><div class=\"fusion-layout-column fusion_builder_column fusion-builder-column-4 fusion_builder_column_1_6 1_6 fusion-flex-column\" style=\"--awb-bg-size:cover;--awb-width-large:16.666666666667%;--awb-margin-top-large:0px;--awb-spacing-right-large:11.52%;--awb-margin-bottom-large:20px;--awb-spacing-left-large:11.52%;--awb-width-medium:16.666666666667%;--awb-order-medium:0;--awb-spacing-right-medium:11.52%;--awb-spacing-left-medium:11.52%;--awb-width-small:100%;--awb-order-small:0;--awb-spacing-right-small:1.92%;--awb-spacing-left-small:1.92%;\"><div class=\"fusion-column-wrapper fusion-column-has-shadow fusion-flex-justify-content-flex-start fusion-content-layout-column\"><div class=\"fusion-flip-boxes flip-boxes row fusion-columns-1 flip-effect-classic\"><div class=\"fusion-flip-box-wrapper fusion-column col-lg-12 col-md-12 col-sm-12\"><div class=\"fusion-flip-box flip-right\" tabindex=\"0\"><div class=\"flip-box-inner-wrapper\"><div class=\"flip-box-front\" style=\"--awb-background-color-front:#f2f2f2;--awb-text-front-color:#3f3f3f;\"><div class=\"flip-box-front-inner\"><div class=\"flip-box-grafix flip-box-image\"><img decoding=\"async\" class=\"lazyload\" src=\"data:image\/svg+xml,%3Csvg%20xmlns%3D%27http%3A%2F%2Fwww.w3.org%2F2000%2Fsvg%27%20width%3D%27457%27%20height%3D%27459%27%20viewBox%3D%270%200%20457%20459%27%3E%3Crect%20width%3D%27457%27%20height%3D%27459%27%20fill-opacity%3D%220%22%2F%3E%3C%2Fsvg%3E\" data-orig-src=\"https:\/\/cristarq.com\/site\/wp-content\/uploads\/2021\/01\/C90-SCR-14MM.png\" width=\"457\" height=\"459\" alt=\"\" \/><\/div>C90 SCR 14MM<\/div><\/div><div class=\"flip-box-back\" style=\"--awb-text-back-color:#ffffff;\"><div class=\"flip-box-back-inner\">\n<p>Pel\u00edculas seguridad C90 SCR 14MM<\/p>\n<\/div><\/div><\/div><\/div><\/div><\/div><\/div><\/div><div class=\"fusion-layout-column fusion_builder_column fusion-builder-column-5 fusion_builder_column_1_6 1_6 fusion-flex-column\" style=\"--awb-bg-size:cover;--awb-width-large:16.666666666667%;--awb-margin-top-large:0px;--awb-spacing-right-large:11.52%;--awb-margin-bottom-large:20px;--awb-spacing-left-large:11.52%;--awb-width-medium:16.666666666667%;--awb-order-medium:0;--awb-spacing-right-medium:11.52%;--awb-spacing-left-medium:11.52%;--awb-width-small:100%;--awb-order-small:0;--awb-spacing-right-small:1.92%;--awb-spacing-left-small:1.92%;\"><div class=\"fusion-column-wrapper fusion-column-has-shadow fusion-flex-justify-content-flex-start fusion-content-layout-column\"><div class=\"fusion-flip-boxes flip-boxes row fusion-columns-1 flip-effect-classic\"><div class=\"fusion-flip-box-wrapper fusion-column col-lg-12 col-md-12 col-sm-12\"><div class=\"fusion-flip-box flip-right\" tabindex=\"0\"><div class=\"flip-box-inner-wrapper\"><div class=\"flip-box-front\" style=\"--awb-background-color-front:#f2f2f2;--awb-text-front-color:#3f3f3f;\"><div class=\"flip-box-front-inner\"><div class=\"flip-box-grafix flip-box-image\"><img decoding=\"async\" class=\"lazyload\" src=\"data:image\/svg+xml,%3Csvg%20xmlns%3D%27http%3A%2F%2Fwww.w3.org%2F2000%2Fsvg%27%20width%3D%27454%27%20height%3D%27457%27%20viewBox%3D%270%200%20454%20457%27%3E%3Crect%20width%3D%27454%27%20height%3D%27457%27%20fill-opacity%3D%220%22%2F%3E%3C%2Fsvg%3E\" data-orig-src=\"https:\/\/cristarq.com\/site\/wp-content\/uploads\/2021\/01\/HU-20-SCR-5MM.png\" width=\"454\" height=\"457\" alt=\"HU 20 SCR 5MM\" \/><\/div>HU20 SCR 5MM<\/div><\/div><div class=\"flip-box-back\" style=\"--awb-text-back-color:#ffffff;\"><div class=\"flip-box-back-inner\">\n<p>Pel\u00edculas seguridad HU 20 SCR 5MM<\/p>\n<\/div><\/div><\/div><\/div><\/div><\/div><\/div><\/div><div class=\"fusion-layout-column fusion_builder_column fusion-builder-column-6 fusion_builder_column_1_6 1_6 fusion-flex-column\" style=\"--awb-bg-size:cover;--awb-width-large:16.666666666667%;--awb-margin-top-large:0px;--awb-spacing-right-large:11.52%;--awb-margin-bottom-large:20px;--awb-spacing-left-large:11.52%;--awb-width-medium:16.666666666667%;--awb-order-medium:0;--awb-spacing-right-medium:11.52%;--awb-spacing-left-medium:11.52%;--awb-width-small:100%;--awb-order-small:0;--awb-spacing-right-small:1.92%;--awb-spacing-left-small:1.92%;\"><div class=\"fusion-column-wrapper fusion-column-has-shadow fusion-flex-justify-content-flex-start fusion-content-layout-column\"><div class=\"fusion-flip-boxes flip-boxes row fusion-columns-1 flip-effect-classic\"><div class=\"fusion-flip-box-wrapper fusion-column col-lg-12 col-md-12 col-sm-12\"><div class=\"fusion-flip-box flip-right\" tabindex=\"0\"><div class=\"flip-box-inner-wrapper\"><div class=\"flip-box-front\" style=\"--awb-background-color-front:#f2f2f2;--awb-text-front-color:#3f3f3f;\"><div class=\"flip-box-front-inner\"><div class=\"flip-box-grafix flip-box-image\"><img decoding=\"async\" class=\"lazyload\" src=\"data:image\/svg+xml,%3Csvg%20xmlns%3D%27http%3A%2F%2Fwww.w3.org%2F2000%2Fsvg%27%20width%3D%27459%27%20height%3D%27457%27%20viewBox%3D%270%200%20459%20457%27%3E%3Crect%20width%3D%27459%27%20height%3D%27457%27%20fill-opacity%3D%220%22%2F%3E%3C%2Fsvg%3E\" data-orig-src=\"https:\/\/cristarq.com\/site\/wp-content\/uploads\/2021\/01\/HU-35-SCR-5MM.png\" width=\"459\" height=\"457\" alt=\"HU 35 SCR 5MM\" \/><\/div>HU35 SCR 5MM<\/div><\/div><div class=\"flip-box-back\" style=\"--awb-text-back-color:#ffffff;\"><div class=\"flip-box-back-inner\">\n<p>Pel\u00edculas seguridad HU 35 SCR 5MM<\/p>\n<\/div><\/div><\/div><\/div><\/div><\/div><\/div><\/div><div class=\"fusion-layout-column fusion_builder_column fusion-builder-column-7 fusion_builder_column_1_6 1_6 fusion-flex-column\" style=\"--awb-bg-size:cover;--awb-width-large:16.666666666667%;--awb-margin-top-large:0px;--awb-spacing-right-large:11.52%;--awb-margin-bottom-large:20px;--awb-spacing-left-large:11.52%;--awb-width-medium:16.666666666667%;--awb-order-medium:0;--awb-spacing-right-medium:11.52%;--awb-spacing-left-medium:11.52%;--awb-width-small:100%;--awb-order-small:0;--awb-spacing-right-small:1.92%;--awb-spacing-left-small:1.92%;\"><div class=\"fusion-column-wrapper fusion-column-has-shadow fusion-flex-justify-content-flex-start fusion-content-layout-column\"><div class=\"fusion-flip-boxes flip-boxes row fusion-columns-1 flip-effect-classic\"><div class=\"fusion-flip-box-wrapper fusion-column col-lg-12 col-md-12 col-sm-12\"><div class=\"fusion-flip-box flip-right\" tabindex=\"0\"><div class=\"flip-box-inner-wrapper\"><div class=\"flip-box-front\" style=\"--awb-background-color-front:#f2f2f2;--awb-text-front-color:#3f3f3f;\"><div class=\"flip-box-front-inner\"><div class=\"flip-box-grafix flip-box-image\"><img decoding=\"async\" class=\"lazyload\" src=\"data:image\/svg+xml,%3Csvg%20xmlns%3D%27http%3A%2F%2Fwww.w3.org%2F2000%2Fsvg%27%20width%3D%27454%27%20height%3D%27457%27%20viewBox%3D%270%200%20454%20457%27%3E%3Crect%20width%3D%27454%27%20height%3D%27457%27%20fill-opacity%3D%220%22%2F%3E%3C%2Fsvg%3E\" data-orig-src=\"https:\/\/cristarq.com\/site\/wp-content\/uploads\/2021\/01\/HU-50-SCR-5MM.png\" width=\"454\" height=\"457\" alt=\"HU 50 SCR 5MM\" \/><\/div>HU50 SCR 5MM<\/div><\/div><div class=\"flip-box-back\" style=\"--awb-text-back-color:#ffffff;\"><div class=\"flip-box-back-inner\">\n<p>Pel\u00edculas seguridad HU 50 SCR 5MM<\/p>\n<\/div><\/div><\/div><\/div><\/div><\/div><\/div><\/div><div class=\"fusion-layout-column fusion_builder_column fusion-builder-column-8 fusion_builder_column_1_1 1_1 fusion-flex-column\" style=\"--awb-bg-size:cover;--awb-width-large:100%;--awb-margin-top-large:0px;--awb-spacing-right-large:1.92%;--awb-margin-bottom-large:20px;--awb-spacing-left-large:1.92%;--awb-width-medium:100%;--awb-order-medium:0;--awb-spacing-right-medium:1.92%;--awb-spacing-left-medium:1.92%;--awb-width-small:100%;--awb-order-small:0;--awb-spacing-right-small:1.92%;--awb-spacing-left-small:1.92%;\"><div class=\"fusion-column-wrapper fusion-column-has-shadow fusion-flex-justify-content-flex-start fusion-content-layout-column\"><\/div><\/div><div class=\"fusion-layout-column fusion_builder_column fusion-builder-column-9 fusion_builder_column_1_1 1_1 fusion-flex-column\" style=\"--awb-bg-size:cover;--awb-width-large:100%;--awb-margin-top-large:0px;--awb-spacing-right-large:1.92%;--awb-margin-bottom-large:20px;--awb-spacing-left-large:1.92%;--awb-width-medium:100%;--awb-order-medium:0;--awb-spacing-right-medium:1.92%;--awb-spacing-left-medium:1.92%;--awb-width-small:100%;--awb-order-small:0;--awb-spacing-right-small:1.92%;--awb-spacing-left-small:1.92%;\"><div class=\"fusion-column-wrapper fusion-column-has-shadow fusion-flex-justify-content-flex-start fusion-content-layout-column\"><div style=\"text-align:center;\"><a class=\"fusion-button button-flat fusion-button-default-size button-custom fusion-button-default button-1 fusion-button-default-span fusion-button-default-type fusion-has-button-gradient\" style=\"--button_accent_color:#ffffff;--button_accent_hover_color:#b7b7b7;--button_border_hover_color:#780404;--button_gradient_top_color:#e80707;--button_gradient_bottom_color:#d60707;--button_gradient_top_color_hover:#d60707;--button_gradient_bottom_color_hover:#e80707;--button_text_transform:uppercase;\" target=\"_self\" href=\"https:\/\/cristarq.com\/site\/contacto\/\"><span class=\"fusion-button-text\">\u00bfRequiere informaci\u00f3n o una cotizaci\u00f3n? Cont\u00e1ctenos dando clic aqu\u00ed<\/span><\/a><\/div><div class=\"fusion-sharing-box fusion-sharing-box-1 has-taglines layout-floated layout-medium-floated layout-small-stacked\" style=\"background-color:rgba(249,249,251,0.63);border-color:#cccccc;--awb-icon-size:30px;--awb-separator-border-color:#cccccc;--awb-separator-border-sizes:0px;--awb-layout:row;--awb-alignment-small:space-between;--awb-stacked-align-small:center;\" data-title=\"\u00a1COMPARTE ESTA P\u00c1GINA A TUS AMIGOS!\" data-description=\"Pel\u00edculas de Seguridad Decorativas para Vidrios de Puertas y Ventanas.\r\n\r\nLas pel\u00edculas de seguridad para cristales son una alternativa necesaria contra robos y asaltos; \u00e9stas, adem\u00e1s de servir como protecci\u00f3n en caso de accidentes, disminuyen el riesgo de otras lesiones (cortes de diversa profundidad) al incrementar considerablemente la resistencia del vidrio al fragmentarse, ya que\" data-link=\"#\"><h4 class=\"tagline\" style=\"color:#212934;\">\u00a1COMPARTE ESTA P\u00c1GINA A TUS AMIGOS!<\/h4><div class=\"fusion-social-networks sharingbox-shortcode-icon-wrapper sharingbox-shortcode-icon-wrapper-1\"><span><a href=\"https:\/\/www.facebook.com\/sharer.php?u=%23&amp;t=%C2%A1COMPARTE%20ESTA%20P%C3%81GINA%20A%20TUS%20AMIGOS%21\" target=\"_blank\" rel=\"noreferrer\" title=\"Facebook\" aria-label=\"Facebook\" data-placement=\"top\" data-toggle=\"tooltip\" data-title=\"Facebook\"><i class=\"fusion-social-network-icon fusion-tooltip fusion-facebook awb-icon-facebook\" style=\"color:#757575;\" aria-hidden=\"true\"><\/i><\/a><\/span><span><a href=\"https:\/\/api.whatsapp.com\/send?text=%23\" target=\"_blank\" rel=\"noopener noreferrer\" title=\"WhatsApp\" aria-label=\"WhatsApp\" data-placement=\"top\" data-toggle=\"tooltip\" data-title=\"WhatsApp\"><i class=\"fusion-social-network-icon fusion-tooltip fusion-whatsapp awb-icon-whatsapp\" style=\"color:#757575;\" aria-hidden=\"true\"><\/i><\/a><\/span><span><a href=\"mailto:?subject=%C2%A1COMPARTE%20ESTA%20P%C3%81GINA%20A%20TUS%20AMIGOS%21&amp;body=%23\" target=\"_self\" title=\"Email\" aria-label=\"Email\" data-placement=\"top\" data-toggle=\"tooltip\" data-title=\"Email\"><i class=\"fusion-social-network-icon fusion-tooltip fusion-mail awb-icon-mail\" style=\"color:#757575;\" aria-hidden=\"true\"><\/i><\/a><\/span><\/div><\/div><\/div><\/div><\/div><\/div><div class=\"fusion-fullwidth fullwidth-box fusion-builder-row-2 fusion-flex-container nonhundred-percent-fullwidth non-hundred-percent-height-scrolling\" style=\"--awb-border-radius-top-left:0px;--awb-border-radius-top-right:0px;--awb-border-radius-bottom-right:0px;--awb-border-radius-bottom-left:0px;\" ><div class=\"fusion-builder-row fusion-row fusion-flex-align-items-flex-start\" style=\"max-width:1248px;margin-left: calc(-4% \/ 2 );margin-right: calc(-4% \/ 2 );\"><\/div><\/div><\/p>\n","protected":false},"excerpt":{"rendered":"","protected":false},"author":2,"featured_media":0,"parent":0,"menu_order":0,"comment_status":"closed","ping_status":"closed","template":"","meta":{"_joinchat":[],"footnotes":""},"class_list":["post-775","page","type-page","status-publish","hentry"],"aioseo_notices":[],"_links":{"self":[{"href":"https:\/\/cristarq.com\/site\/wp-json\/wp\/v2\/pages\/775","targetHints":{"allow":["GET"]}}],"collection":[{"href":"https:\/\/cristarq.com\/site\/wp-json\/wp\/v2\/pages"}],"about":[{"href":"https:\/\/cristarq.com\/site\/wp-json\/wp\/v2\/types\/page"}],"author":[{"embeddable":true,"href":"https:\/\/cristarq.com\/site\/wp-json\/wp\/v2\/users\/2"}],"replies":[{"embeddable":true,"href":"https:\/\/cristarq.com\/site\/wp-json\/wp\/v2\/comments?post=775"}],"version-history":[{"count":3,"href":"https:\/\/cristarq.com\/site\/wp-json\/wp\/v2\/pages\/775\/revisions"}],"predecessor-version":[{"id":785,"href":"https:\/\/cristarq.com\/site\/wp-json\/wp\/v2\/pages\/775\/revisions\/785"}],"wp:attachment":[{"href":"https:\/\/cristarq.com\/site\/wp-json\/wp\/v2\/media?parent=775"}],"curies":[{"name":"wp","href":"https:\/\/api.w.org\/{rel}","templated":true}]}}