{"id":182,"date":"2021-01-14T18:25:03","date_gmt":"2021-01-14T18:25:03","guid":{"rendered":"https:\/\/cristarq.com\/website\/?page_id=182"},"modified":"2021-01-14T18:25:03","modified_gmt":"2021-01-14T18:25:03","slug":"aviso-legal","status":"publish","type":"page","link":"https:\/\/cristarq.com\/site\/aviso-legal\/","title":{"rendered":"Aviso legal"},"content":{"rendered":"<div class=\"fusion-fullwidth fullwidth-box fusion-builder-row-1 fusion-flex-container nonhundred-percent-fullwidth non-hundred-percent-height-scrolling\" style=\"--awb-border-radius-top-left:0px;--awb-border-radius-top-right:0px;--awb-border-radius-bottom-right:0px;--awb-border-radius-bottom-left:0px;\" ><div class=\"fusion-builder-row fusion-row fusion-flex-align-items-flex-start\" style=\"max-width:1248px;margin-left: calc(-4% \/ 2 );margin-right: calc(-4% \/ 2 );\"><div class=\"fusion-layout-column fusion_builder_column fusion-builder-column-0 fusion_builder_column_1_1 1_1 fusion-flex-column\" style=\"--awb-bg-size:cover;--awb-width-large:100%;--awb-margin-top-large:0px;--awb-spacing-right-large:1.92%;--awb-margin-bottom-large:20px;--awb-spacing-left-large:1.92%;--awb-width-medium:100%;--awb-order-medium:0;--awb-spacing-right-medium:1.92%;--awb-spacing-left-medium:1.92%;--awb-width-small:100%;--awb-order-small:0;--awb-spacing-right-small:1.92%;--awb-spacing-left-small:1.92%;\"><div class=\"fusion-column-wrapper fusion-column-has-shadow fusion-flex-justify-content-flex-start fusion-content-layout-column\"><div class=\"fusion-text fusion-text-1\"><p>Este sitio de Internet contiene, en t\u00e9rminos generales, informaci\u00f3n de Cristarq, si bien la informaci\u00f3n contenida en este sitio de Internet es veraz al momento de su inclusi\u00f3n, ocasionalmente pueden existir imprecisiones o errores, por lo que Cristarq, no acepta ninguna responsabilidad por tal motivo. Es importante que los usuarios de esta p\u00e1gina verifiquen la informaci\u00f3n contenida en la misma en forma independiente, para efecto de encontrarse en condiciones de tomar cualquier decisi\u00f3n en relaci\u00f3n con la misma. Cristarq, procura actualizar peri\u00f3dicamente el contenido de este sitio de Internet, pero no asume responsabilidad alguna a ese respecto.<\/p>\n<p>La informaci\u00f3n contenida en este sitio de Internet (incluyendo los enlaces y otros accesorios utilizados de manera directa o indirecta) es proporcionada a los usuarios sin garant\u00eda alguna, ya sea de car\u00e1cter expresa o impl\u00edcita, incluyendo la no violaci\u00f3n de derechos de terceros, o que este sitio se encuentra libre de virus computacionales o de alg\u00fan otro tipo de c\u00f3digos electr\u00f3nicos da\u00f1inos. Cristarq, se reserva el derecho de realizar cualquier modificaci\u00f3n o cambio al contenido de esta p\u00e1gina sin notificaci\u00f3n previa.<\/p>\n<p>Bajo ninguna circunstancia ser\u00e1 Cristarq responsable frente a cualquier tercero de da\u00f1os directos, indirectos o consecuenciales derivados del uso de este sitio de Internet o de la informaci\u00f3n contenida en el mismo.<\/p>\n<p>Cualquier decisi\u00f3n basada en la informaci\u00f3n contenida en este sitio de Internet ser\u00e1 responsabilidad del visitante. La informaci\u00f3n incluida en esta p\u00e1gina no constituye o debe ser interpretada como una invitaci\u00f3n para adquirir o invertir en acciones de Cristarq.<\/p>\n<p>La persona que provea informaci\u00f3n a Cristarq a trav\u00e9s de este sitio de Internet acepta impl\u00edcitamente que esta informaci\u00f3n no es confidencial y que Cristarq tiene el derecho de utilizarla, en todo o en parte, para los fines que estime convenientes.<\/p>\n<\/div><\/div><\/div><\/div><\/div>\n","protected":false},"excerpt":{"rendered":"","protected":false},"author":2,"featured_media":0,"parent":0,"menu_order":0,"comment_status":"closed","ping_status":"closed","template":"","meta":{"_joinchat":[],"footnotes":""},"class_list":["post-182","page","type-page","status-publish","hentry"],"aioseo_notices":[],"_links":{"self":[{"href":"https:\/\/cristarq.com\/site\/wp-json\/wp\/v2\/pages\/182","targetHints":{"allow":["GET"]}}],"collection":[{"href":"https:\/\/cristarq.com\/site\/wp-json\/wp\/v2\/pages"}],"about":[{"href":"https:\/\/cristarq.com\/site\/wp-json\/wp\/v2\/types\/page"}],"author":[{"embeddable":true,"href":"https:\/\/cristarq.com\/site\/wp-json\/wp\/v2\/users\/2"}],"replies":[{"embeddable":true,"href":"https:\/\/cristarq.com\/site\/wp-json\/wp\/v2\/comments?post=182"}],"version-history":[{"count":1,"href":"https:\/\/cristarq.com\/site\/wp-json\/wp\/v2\/pages\/182\/revisions"}],"predecessor-version":[{"id":184,"href":"https:\/\/cristarq.com\/site\/wp-json\/wp\/v2\/pages\/182\/revisions\/184"}],"wp:attachment":[{"href":"https:\/\/cristarq.com\/site\/wp-json\/wp\/v2\/media?parent=182"}],"curies":[{"name":"wp","href":"https:\/\/api.w.org\/{rel}","templated":true}]}}